{"id":983,"date":"2023-10-29T10:16:22","date_gmt":"2023-10-29T08:16:22","guid":{"rendered":"https:\/\/code.com.hr\/?page_id=983"},"modified":"2023-10-29T19:07:47","modified_gmt":"2023-10-29T17:07:47","slug":"zadaci","status":"publish","type":"page","link":"https:\/\/code.com.hr\/index.php\/zadaci\/","title":{"rendered":"zadaci"},"content":{"rendered":"\t\t<div data-elementor-type=\"wp-page\" data-elementor-id=\"983\" class=\"elementor elementor-983\">\n\t\t\t\t\t\t<section class=\"elementor-section elementor-top-section elementor-element elementor-element-cba7113 elementor-section-boxed elementor-section-height-default elementor-section-height-default\" data-id=\"cba7113\" data-element_type=\"section\">\n\t\t\t\t\t\t<div class=\"elementor-container elementor-column-gap-default\">\n\t\t\t\t\t<div class=\"elementor-column elementor-col-100 elementor-top-column elementor-element elementor-element-31c647e\" data-id=\"31c647e\" data-element_type=\"column\">\n\t\t\t<div class=\"elementor-widget-wrap elementor-element-populated\">\n\t\t\t\t\t\t<div class=\"elementor-element elementor-element-6baa92c elementor-widget elementor-widget-heading\" data-id=\"6baa92c\" data-element_type=\"widget\" data-widget_type=\"heading.default\">\n\t\t\t\t<div class=\"elementor-widget-container\">\n\t\t\t\t\t<p class=\"elementor-heading-title elementor-size-default\">Zadaci za izborni predmet Multimedija iz tre\u0107eg razreda <\/p>\t\t\t\t<\/div>\n\t\t\t\t<\/div>\n\t\t\t\t\t<\/div>\n\t\t<\/div>\n\t\t\t\t\t<\/div>\n\t\t<\/section>\n\t\t\t\t<section class=\"elementor-section elementor-top-section elementor-element elementor-element-783eedf elementor-section-boxed elementor-section-height-default elementor-section-height-default\" data-id=\"783eedf\" data-element_type=\"section\">\n\t\t\t\t\t\t<div class=\"elementor-container elementor-column-gap-default\">\n\t\t\t\t\t<div class=\"elementor-column elementor-col-100 elementor-top-column elementor-element elementor-element-26242a6\" data-id=\"26242a6\" data-element_type=\"column\">\n\t\t\t<div class=\"elementor-widget-wrap elementor-element-populated\">\n\t\t\t\t\t\t<div class=\"elementor-element elementor-element-9f45a69 elementor-widget elementor-widget-text-editor\" data-id=\"9f45a69\" data-element_type=\"widget\" data-widget_type=\"text-editor.default\">\n\t\t\t\t<div class=\"elementor-widget-container\">\n\t\t\t\t\t\t\t\t\t<p>Zadaci za ovaj predmet sastoje se od izrade multimedijskog objekta. Objekt se izra\u0111uje odre\u0111enom aplikacijom ili aplikacijama prema vrsti i namjeni objekta (tekst, grafika&#8230;).<\/p><p>Poredani su rednim brojevima i pri objavi \u0107e se ti redni brojevi postavljati kao istaknuta slika i moraju biti smje\u0161teni u kategoriju poglavlja. <\/p><p>&#8230;idu dodatne upute i primjeri&#8230;<\/p><p>\u00a0<\/p>\t\t\t\t\t\t\t\t<\/div>\n\t\t\t\t<\/div>\n\t\t\t\t\t<\/div>\n\t\t<\/div>\n\t\t\t\t\t<\/div>\n\t\t<\/section>\n\t\t\t\t<\/div>\n\t\t","protected":false},"excerpt":{"rendered":"<p>Zadaci za izborni predmet Multimedija iz tre\u0107eg razreda Zadaci za ovaj predmet sastoje se od izrade multimedijskog objekta. Objekt se izra\u0111uje odre\u0111enom aplikacijom ili aplikacijama prema vrsti i namjeni objekta &#8230;<\/p>\n","protected":false},"author":1,"featured_media":0,"parent":0,"menu_order":0,"comment_status":"closed","ping_status":"closed","template":"","meta":{"footnotes":""},"class_list":["post-983","page","type-page","status-publish","hentry"],"_links":{"self":[{"href":"https:\/\/code.com.hr\/index.php\/wp-json\/wp\/v2\/pages\/983","targetHints":{"allow":["GET"]}}],"collection":[{"href":"https:\/\/code.com.hr\/index.php\/wp-json\/wp\/v2\/pages"}],"about":[{"href":"https:\/\/code.com.hr\/index.php\/wp-json\/wp\/v2\/types\/page"}],"author":[{"embeddable":true,"href":"https:\/\/code.com.hr\/index.php\/wp-json\/wp\/v2\/users\/1"}],"replies":[{"embeddable":true,"href":"https:\/\/code.com.hr\/index.php\/wp-json\/wp\/v2\/comments?post=983"}],"version-history":[{"count":10,"href":"https:\/\/code.com.hr\/index.php\/wp-json\/wp\/v2\/pages\/983\/revisions"}],"predecessor-version":[{"id":1074,"href":"https:\/\/code.com.hr\/index.php\/wp-json\/wp\/v2\/pages\/983\/revisions\/1074"}],"wp:attachment":[{"href":"https:\/\/code.com.hr\/index.php\/wp-json\/wp\/v2\/media?parent=983"}],"curies":[{"name":"wp","href":"https:\/\/api.w.org\/{rel}","templated":true}]}}